{"id":508,"date":"2025-04-11T13:43:22","date_gmt":"2025-04-11T11:43:22","guid":{"rendered":"http:\/\/www.molpir.com\/dezinfekcia\/"},"modified":"2025-06-03T13:50:12","modified_gmt":"2025-06-03T11:50:12","slug":"dezinfekce","status":"publish","type":"page","link":"https:\/\/www.molpir.com\/cs\/dezinfekce\/","title":{"rendered":"Dezinfekce"},"content":{"rendered":"","protected":false},"excerpt":{"rendered":"<p>Chra\u0148te sebe i sv\u00e9 z\u00e1kazn\u00edky pomoc\u00ed spolehliv\u00fdch d\u00e1vkova\u010d\u016f dezinfekce na ruce a dal\u0161\u00edch dezinfek\u010dn\u00edch \u0159e\u0161en\u00ed.<\/p>\n","protected":false},"author":1,"featured_media":464,"parent":0,"menu_order":0,"comment_status":"closed","ping_status":"closed","template":"page-service.php","meta":{"_acf_changed":false,"footnotes":""},"class_list":["post-508","page","type-page","status-publish","has-post-thumbnail","hentry"],"acf":[],"yoast_head":"<!-- This site is optimized with the Yoast SEO plugin v27.3 - https:\/\/yoast.com\/product\/yoast-seo-wordpress\/ -->\n<title>Dezinfekce - MOLPIR<\/title>\n<meta name=\"robots\" content=\"index, follow, max-snippet:-1, max-image-preview:large, max-video-preview:-1\" \/>\n<link rel=\"canonical\" href=\"https:\/\/www.molpir.com\/dezinfekcia\/\" \/>\n<meta property=\"og:locale\" content=\"cs_CZ\" \/>\n<meta property=\"og:type\" content=\"article\" \/>\n<meta property=\"og:title\" content=\"Dezinfekce - MOLPIR\" \/>\n<meta property=\"og:description\" content=\"Chra\u0148te sebe i sv\u00e9 z\u00e1kazn\u00edky pomoc\u00ed spolehliv\u00fdch d\u00e1vkova\u010d\u016f dezinfekce na ruce a dal\u0161\u00edch dezinfek\u010dn\u00edch \u0159e\u0161en\u00ed.\" \/>\n<meta property=\"og:url\" content=\"https:\/\/www.molpir.com\/dezinfekcia\/\" \/>\n<meta property=\"og:site_name\" content=\"MOLPIR\" \/>\n<meta property=\"article:modified_time\" content=\"2025-06-03T11:50:12+00:00\" \/>\n<meta property=\"og:image\" content=\"https:\/\/www.molpir.com\/wp-content\/uploads\/2025\/04\/dezinfekcia-headline.jpg\" \/>\n\t<meta property=\"og:image:width\" content=\"1000\" \/>\n\t<meta property=\"og:image:height\" content=\"1257\" \/>\n\t<meta property=\"og:image:type\" content=\"image\/jpeg\" \/>\n<meta name=\"twitter:card\" content=\"summary_large_image\" \/>\n<meta name=\"twitter:label1\" content=\"Odhadovan\u00e1 doba \u010dten\u00ed\" \/>\n\t<meta name=\"twitter:data1\" content=\"1 minuta\" \/>\n<script type=\"application\/ld+json\" class=\"yoast-schema-graph\">{\"@context\":\"https:\\\/\\\/schema.org\",\"@graph\":[{\"@type\":\"WebPage\",\"@id\":\"https:\\\/\\\/www.molpir.com\\\/dezinfekcia\\\/\",\"url\":\"https:\\\/\\\/www.molpir.com\\\/dezinfekcia\\\/\",\"name\":\"Dezinfekce - MOLPIR\",\"isPartOf\":{\"@id\":\"https:\\\/\\\/www.molpir.com\\\/#website\"},\"primaryImageOfPage\":{\"@id\":\"https:\\\/\\\/www.molpir.com\\\/dezinfekcia\\\/#primaryimage\"},\"image\":{\"@id\":\"https:\\\/\\\/www.molpir.com\\\/dezinfekcia\\\/#primaryimage\"},\"thumbnailUrl\":\"https:\\\/\\\/www.molpir.com\\\/wp-content\\\/uploads\\\/2025\\\/04\\\/dezinfekcia-headline.jpg\",\"datePublished\":\"2025-04-11T11:43:22+00:00\",\"dateModified\":\"2025-06-03T11:50:12+00:00\",\"breadcrumb\":{\"@id\":\"https:\\\/\\\/www.molpir.com\\\/dezinfekcia\\\/#breadcrumb\"},\"inLanguage\":\"cs\",\"potentialAction\":[{\"@type\":\"ReadAction\",\"target\":[\"https:\\\/\\\/www.molpir.com\\\/dezinfekcia\\\/\"]}]},{\"@type\":\"ImageObject\",\"inLanguage\":\"cs\",\"@id\":\"https:\\\/\\\/www.molpir.com\\\/dezinfekcia\\\/#primaryimage\",\"url\":\"https:\\\/\\\/www.molpir.com\\\/wp-content\\\/uploads\\\/2025\\\/04\\\/dezinfekcia-headline.jpg\",\"contentUrl\":\"https:\\\/\\\/www.molpir.com\\\/wp-content\\\/uploads\\\/2025\\\/04\\\/dezinfekcia-headline.jpg\",\"width\":1000,\"height\":1257},{\"@type\":\"BreadcrumbList\",\"@id\":\"https:\\\/\\\/www.molpir.com\\\/dezinfekcia\\\/#breadcrumb\",\"itemListElement\":[{\"@type\":\"ListItem\",\"position\":1,\"name\":\"Domovsk\u00e1 str\u00e1nka\",\"item\":\"https:\\\/\\\/www.molpir.com\\\/cs\\\/\"},{\"@type\":\"ListItem\",\"position\":2,\"name\":\"Dezinfekce\"}]},{\"@type\":\"WebSite\",\"@id\":\"https:\\\/\\\/www.molpir.com\\\/#website\",\"url\":\"https:\\\/\\\/www.molpir.com\\\/\",\"name\":\"MOLPIR\",\"description\":\"dotknite sa bud\u00facnosti u\u017e dnes\",\"potentialAction\":[{\"@type\":\"SearchAction\",\"target\":{\"@type\":\"EntryPoint\",\"urlTemplate\":\"https:\\\/\\\/www.molpir.com\\\/?s={search_term_string}\"},\"query-input\":{\"@type\":\"PropertyValueSpecification\",\"valueRequired\":true,\"valueName\":\"search_term_string\"}}],\"inLanguage\":\"cs\"}]}<\/script>\n<!-- \/ Yoast SEO plugin. -->","yoast_head_json":{"title":"Dezinfekce - MOLPIR","robots":{"index":"index","follow":"follow","max-snippet":"max-snippet:-1","max-image-preview":"max-image-preview:large","max-video-preview":"max-video-preview:-1"},"canonical":"https:\/\/www.molpir.com\/dezinfekcia\/","og_locale":"cs_CZ","og_type":"article","og_title":"Dezinfekce - MOLPIR","og_description":"Chra\u0148te sebe i sv\u00e9 z\u00e1kazn\u00edky pomoc\u00ed spolehliv\u00fdch d\u00e1vkova\u010d\u016f dezinfekce na ruce a dal\u0161\u00edch dezinfek\u010dn\u00edch \u0159e\u0161en\u00ed.","og_url":"https:\/\/www.molpir.com\/dezinfekcia\/","og_site_name":"MOLPIR","article_modified_time":"2025-06-03T11:50:12+00:00","og_image":[{"width":1000,"height":1257,"url":"https:\/\/www.molpir.com\/wp-content\/uploads\/2025\/04\/dezinfekcia-headline.jpg","type":"image\/jpeg"}],"twitter_card":"summary_large_image","twitter_misc":{"Odhadovan\u00e1 doba \u010dten\u00ed":"1 minuta"},"schema":{"@context":"https:\/\/schema.org","@graph":[{"@type":"WebPage","@id":"https:\/\/www.molpir.com\/dezinfekcia\/","url":"https:\/\/www.molpir.com\/dezinfekcia\/","name":"Dezinfekce - MOLPIR","isPartOf":{"@id":"https:\/\/www.molpir.com\/#website"},"primaryImageOfPage":{"@id":"https:\/\/www.molpir.com\/dezinfekcia\/#primaryimage"},"image":{"@id":"https:\/\/www.molpir.com\/dezinfekcia\/#primaryimage"},"thumbnailUrl":"https:\/\/www.molpir.com\/wp-content\/uploads\/2025\/04\/dezinfekcia-headline.jpg","datePublished":"2025-04-11T11:43:22+00:00","dateModified":"2025-06-03T11:50:12+00:00","breadcrumb":{"@id":"https:\/\/www.molpir.com\/dezinfekcia\/#breadcrumb"},"inLanguage":"cs","potentialAction":[{"@type":"ReadAction","target":["https:\/\/www.molpir.com\/dezinfekcia\/"]}]},{"@type":"ImageObject","inLanguage":"cs","@id":"https:\/\/www.molpir.com\/dezinfekcia\/#primaryimage","url":"https:\/\/www.molpir.com\/wp-content\/uploads\/2025\/04\/dezinfekcia-headline.jpg","contentUrl":"https:\/\/www.molpir.com\/wp-content\/uploads\/2025\/04\/dezinfekcia-headline.jpg","width":1000,"height":1257},{"@type":"BreadcrumbList","@id":"https:\/\/www.molpir.com\/dezinfekcia\/#breadcrumb","itemListElement":[{"@type":"ListItem","position":1,"name":"Domovsk\u00e1 str\u00e1nka","item":"https:\/\/www.molpir.com\/cs\/"},{"@type":"ListItem","position":2,"name":"Dezinfekce"}]},{"@type":"WebSite","@id":"https:\/\/www.molpir.com\/#website","url":"https:\/\/www.molpir.com\/","name":"MOLPIR","description":"dotknite sa bud\u00facnosti u\u017e dnes","potentialAction":[{"@type":"SearchAction","target":{"@type":"EntryPoint","urlTemplate":"https:\/\/www.molpir.com\/?s={search_term_string}"},"query-input":{"@type":"PropertyValueSpecification","valueRequired":true,"valueName":"search_term_string"}}],"inLanguage":"cs"}]}},"_links":{"self":[{"href":"https:\/\/www.molpir.com\/cs\/wp-json\/wp\/v2\/pages\/508","targetHints":{"allow":["GET"]}}],"collection":[{"href":"https:\/\/www.molpir.com\/cs\/wp-json\/wp\/v2\/pages"}],"about":[{"href":"https:\/\/www.molpir.com\/cs\/wp-json\/wp\/v2\/types\/page"}],"author":[{"embeddable":true,"href":"https:\/\/www.molpir.com\/cs\/wp-json\/wp\/v2\/users\/1"}],"replies":[{"embeddable":true,"href":"https:\/\/www.molpir.com\/cs\/wp-json\/wp\/v2\/comments?post=508"}],"version-history":[{"count":0,"href":"https:\/\/www.molpir.com\/cs\/wp-json\/wp\/v2\/pages\/508\/revisions"}],"wp:featuredmedia":[{"embeddable":true,"href":"https:\/\/www.molpir.com\/cs\/wp-json\/wp\/v2\/media\/464"}],"wp:attachment":[{"href":"https:\/\/www.molpir.com\/cs\/wp-json\/wp\/v2\/media?parent=508"}],"curies":[{"name":"wp","href":"https:\/\/api.w.org\/{rel}","templated":true}]}}