{"id":515,"date":"2025-04-11T13:43:28","date_gmt":"2025-04-11T11:43:28","guid":{"rendered":"http:\/\/www.molpir.com\/klimatizacie-a-kurenie\/"},"modified":"2025-06-03T14:33:01","modified_gmt":"2025-06-03T12:33:01","slug":"klimatizace-a-topeni","status":"publish","type":"page","link":"https:\/\/www.molpir.com\/cs\/klimatizace-a-topeni\/","title":{"rendered":"Klimatizace a&nbsp;topen\u00ed"},"content":{"rendered":"","protected":false},"excerpt":{"rendered":"<p>Na\u0161e \u0159e\u0161en\u00ed klimatizac\u00ed a vyt\u00e1p\u011bn\u00ed zaji\u0161\u0165uj\u00ed komfortn\u00ed prost\u0159ed\u00ed ve vozidle za v\u0161ech venkovn\u00edch podm\u00ednek.<\/p>\n","protected":false},"author":1,"featured_media":386,"parent":0,"menu_order":0,"comment_status":"closed","ping_status":"closed","template":"page-service.php","meta":{"_acf_changed":false,"footnotes":""},"class_list":["post-515","page","type-page","status-publish","has-post-thumbnail","hentry"],"acf":[],"yoast_head":"<!-- This site is optimized with the Yoast SEO plugin v27.3 - https:\/\/yoast.com\/product\/yoast-seo-wordpress\/ -->\n<title>Klimatizace a&nbsp;topen\u00ed - MOLPIR<\/title>\n<meta name=\"robots\" content=\"index, follow, max-snippet:-1, max-image-preview:large, max-video-preview:-1\" \/>\n<link rel=\"canonical\" href=\"https:\/\/www.molpir.com\/klimatizacie-a-kurenie\/\" \/>\n<meta property=\"og:locale\" content=\"cs_CZ\" \/>\n<meta property=\"og:type\" content=\"article\" \/>\n<meta property=\"og:title\" content=\"Klimatizace a&nbsp;topen\u00ed - MOLPIR\" \/>\n<meta property=\"og:description\" content=\"Na\u0161e \u0159e\u0161en\u00ed klimatizac\u00ed a vyt\u00e1p\u011bn\u00ed zaji\u0161\u0165uj\u00ed komfortn\u00ed prost\u0159ed\u00ed ve vozidle za v\u0161ech venkovn\u00edch podm\u00ednek.\" \/>\n<meta property=\"og:url\" content=\"https:\/\/www.molpir.com\/klimatizacie-a-kurenie\/\" \/>\n<meta property=\"og:site_name\" content=\"MOLPIR\" \/>\n<meta property=\"article:modified_time\" content=\"2025-06-03T12:33:01+00:00\" \/>\n<meta property=\"og:image\" content=\"https:\/\/www.molpir.com\/wp-content\/uploads\/2025\/04\/klimatizacie.jpg\" \/>\n\t<meta property=\"og:image:width\" content=\"1000\" \/>\n\t<meta property=\"og:image:height\" content=\"787\" \/>\n\t<meta property=\"og:image:type\" content=\"image\/jpeg\" \/>\n<meta name=\"twitter:card\" content=\"summary_large_image\" \/>\n<meta name=\"twitter:label1\" content=\"Odhadovan\u00e1 doba \u010dten\u00ed\" \/>\n\t<meta name=\"twitter:data1\" content=\"1 minuta\" \/>\n<script type=\"application\/ld+json\" class=\"yoast-schema-graph\">{\"@context\":\"https:\\\/\\\/schema.org\",\"@graph\":[{\"@type\":\"WebPage\",\"@id\":\"https:\\\/\\\/www.molpir.com\\\/klimatizacie-a-kurenie\\\/\",\"url\":\"https:\\\/\\\/www.molpir.com\\\/klimatizacie-a-kurenie\\\/\",\"name\":\"Klimatizace a&nbsp;topen\u00ed - MOLPIR\",\"isPartOf\":{\"@id\":\"https:\\\/\\\/www.molpir.com\\\/#website\"},\"primaryImageOfPage\":{\"@id\":\"https:\\\/\\\/www.molpir.com\\\/klimatizacie-a-kurenie\\\/#primaryimage\"},\"image\":{\"@id\":\"https:\\\/\\\/www.molpir.com\\\/klimatizacie-a-kurenie\\\/#primaryimage\"},\"thumbnailUrl\":\"https:\\\/\\\/www.molpir.com\\\/wp-content\\\/uploads\\\/2025\\\/04\\\/klimatizacie.jpg\",\"datePublished\":\"2025-04-11T11:43:28+00:00\",\"dateModified\":\"2025-06-03T12:33:01+00:00\",\"breadcrumb\":{\"@id\":\"https:\\\/\\\/www.molpir.com\\\/klimatizacie-a-kurenie\\\/#breadcrumb\"},\"inLanguage\":\"cs\",\"potentialAction\":[{\"@type\":\"ReadAction\",\"target\":[\"https:\\\/\\\/www.molpir.com\\\/klimatizacie-a-kurenie\\\/\"]}]},{\"@type\":\"ImageObject\",\"inLanguage\":\"cs\",\"@id\":\"https:\\\/\\\/www.molpir.com\\\/klimatizacie-a-kurenie\\\/#primaryimage\",\"url\":\"https:\\\/\\\/www.molpir.com\\\/wp-content\\\/uploads\\\/2025\\\/04\\\/klimatizacie.jpg\",\"contentUrl\":\"https:\\\/\\\/www.molpir.com\\\/wp-content\\\/uploads\\\/2025\\\/04\\\/klimatizacie.jpg\",\"width\":1000,\"height\":787,\"caption\":\"car a\\\/c button detail\"},{\"@type\":\"BreadcrumbList\",\"@id\":\"https:\\\/\\\/www.molpir.com\\\/klimatizacie-a-kurenie\\\/#breadcrumb\",\"itemListElement\":[{\"@type\":\"ListItem\",\"position\":1,\"name\":\"Domovsk\u00e1 str\u00e1nka\",\"item\":\"https:\\\/\\\/www.molpir.com\\\/cs\\\/\"},{\"@type\":\"ListItem\",\"position\":2,\"name\":\"Klimatizace a&nbsp;topen\u00ed\"}]},{\"@type\":\"WebSite\",\"@id\":\"https:\\\/\\\/www.molpir.com\\\/#website\",\"url\":\"https:\\\/\\\/www.molpir.com\\\/\",\"name\":\"MOLPIR\",\"description\":\"dotknite sa bud\u00facnosti u\u017e dnes\",\"potentialAction\":[{\"@type\":\"SearchAction\",\"target\":{\"@type\":\"EntryPoint\",\"urlTemplate\":\"https:\\\/\\\/www.molpir.com\\\/?s={search_term_string}\"},\"query-input\":{\"@type\":\"PropertyValueSpecification\",\"valueRequired\":true,\"valueName\":\"search_term_string\"}}],\"inLanguage\":\"cs\"}]}<\/script>\n<!-- \/ Yoast SEO plugin. -->","yoast_head_json":{"title":"Klimatizace a&nbsp;topen\u00ed - MOLPIR","robots":{"index":"index","follow":"follow","max-snippet":"max-snippet:-1","max-image-preview":"max-image-preview:large","max-video-preview":"max-video-preview:-1"},"canonical":"https:\/\/www.molpir.com\/klimatizacie-a-kurenie\/","og_locale":"cs_CZ","og_type":"article","og_title":"Klimatizace a&nbsp;topen\u00ed - MOLPIR","og_description":"Na\u0161e \u0159e\u0161en\u00ed klimatizac\u00ed a vyt\u00e1p\u011bn\u00ed zaji\u0161\u0165uj\u00ed komfortn\u00ed prost\u0159ed\u00ed ve vozidle za v\u0161ech venkovn\u00edch podm\u00ednek.","og_url":"https:\/\/www.molpir.com\/klimatizacie-a-kurenie\/","og_site_name":"MOLPIR","article_modified_time":"2025-06-03T12:33:01+00:00","og_image":[{"width":1000,"height":787,"url":"https:\/\/www.molpir.com\/wp-content\/uploads\/2025\/04\/klimatizacie.jpg","type":"image\/jpeg"}],"twitter_card":"summary_large_image","twitter_misc":{"Odhadovan\u00e1 doba \u010dten\u00ed":"1 minuta"},"schema":{"@context":"https:\/\/schema.org","@graph":[{"@type":"WebPage","@id":"https:\/\/www.molpir.com\/klimatizacie-a-kurenie\/","url":"https:\/\/www.molpir.com\/klimatizacie-a-kurenie\/","name":"Klimatizace a&nbsp;topen\u00ed - MOLPIR","isPartOf":{"@id":"https:\/\/www.molpir.com\/#website"},"primaryImageOfPage":{"@id":"https:\/\/www.molpir.com\/klimatizacie-a-kurenie\/#primaryimage"},"image":{"@id":"https:\/\/www.molpir.com\/klimatizacie-a-kurenie\/#primaryimage"},"thumbnailUrl":"https:\/\/www.molpir.com\/wp-content\/uploads\/2025\/04\/klimatizacie.jpg","datePublished":"2025-04-11T11:43:28+00:00","dateModified":"2025-06-03T12:33:01+00:00","breadcrumb":{"@id":"https:\/\/www.molpir.com\/klimatizacie-a-kurenie\/#breadcrumb"},"inLanguage":"cs","potentialAction":[{"@type":"ReadAction","target":["https:\/\/www.molpir.com\/klimatizacie-a-kurenie\/"]}]},{"@type":"ImageObject","inLanguage":"cs","@id":"https:\/\/www.molpir.com\/klimatizacie-a-kurenie\/#primaryimage","url":"https:\/\/www.molpir.com\/wp-content\/uploads\/2025\/04\/klimatizacie.jpg","contentUrl":"https:\/\/www.molpir.com\/wp-content\/uploads\/2025\/04\/klimatizacie.jpg","width":1000,"height":787,"caption":"car a\/c button detail"},{"@type":"BreadcrumbList","@id":"https:\/\/www.molpir.com\/klimatizacie-a-kurenie\/#breadcrumb","itemListElement":[{"@type":"ListItem","position":1,"name":"Domovsk\u00e1 str\u00e1nka","item":"https:\/\/www.molpir.com\/cs\/"},{"@type":"ListItem","position":2,"name":"Klimatizace a&nbsp;topen\u00ed"}]},{"@type":"WebSite","@id":"https:\/\/www.molpir.com\/#website","url":"https:\/\/www.molpir.com\/","name":"MOLPIR","description":"dotknite sa bud\u00facnosti u\u017e dnes","potentialAction":[{"@type":"SearchAction","target":{"@type":"EntryPoint","urlTemplate":"https:\/\/www.molpir.com\/?s={search_term_string}"},"query-input":{"@type":"PropertyValueSpecification","valueRequired":true,"valueName":"search_term_string"}}],"inLanguage":"cs"}]}},"_links":{"self":[{"href":"https:\/\/www.molpir.com\/cs\/wp-json\/wp\/v2\/pages\/515","targetHints":{"allow":["GET"]}}],"collection":[{"href":"https:\/\/www.molpir.com\/cs\/wp-json\/wp\/v2\/pages"}],"about":[{"href":"https:\/\/www.molpir.com\/cs\/wp-json\/wp\/v2\/types\/page"}],"author":[{"embeddable":true,"href":"https:\/\/www.molpir.com\/cs\/wp-json\/wp\/v2\/users\/1"}],"replies":[{"embeddable":true,"href":"https:\/\/www.molpir.com\/cs\/wp-json\/wp\/v2\/comments?post=515"}],"version-history":[{"count":0,"href":"https:\/\/www.molpir.com\/cs\/wp-json\/wp\/v2\/pages\/515\/revisions"}],"wp:featuredmedia":[{"embeddable":true,"href":"https:\/\/www.molpir.com\/cs\/wp-json\/wp\/v2\/media\/386"}],"wp:attachment":[{"href":"https:\/\/www.molpir.com\/cs\/wp-json\/wp\/v2\/media?parent=515"}],"curies":[{"name":"wp","href":"https:\/\/api.w.org\/{rel}","templated":true}]}}