{"id":519,"date":"2025-04-11T13:43:55","date_gmt":"2025-04-11T11:43:55","guid":{"rendered":"http:\/\/www.molpir.com\/kontakty\/"},"modified":"2025-06-05T13:34:32","modified_gmt":"2025-06-05T11:34:32","slug":"kontakty","status":"publish","type":"page","link":"https:\/\/www.molpir.com\/cs\/kontakty\/","title":{"rendered":"Kontakty"},"content":{"rendered":"","protected":false},"excerpt":{"rendered":"<p>V p\u0159\u00edpad\u011b jak\u00fdchkoli dotaz\u016f n\u00e1m nev\u00e1hejte kdykoli napsat e-mail a my V\u00e1m odpov\u00edme nejpozd\u011bji n\u00e1sleduj\u00edc\u00ed pracovn\u00ed den. Pokud preferujete telefonick\u00fd kontakt, jsme V\u00e1m k dispozici ve v\u0161edn\u00ed dny b\u011bhem na\u0161\u00ed otev\u00edrac\u00ed doby, kdy n\u00e1s m\u016f\u017eete tak\u00e9 osobn\u011b nav\u0161t\u00edvit v na\u0161\u00ed prodejn\u011b.<\/p>\n","protected":false},"author":1,"featured_media":362,"parent":0,"menu_order":0,"comment_status":"closed","ping_status":"closed","template":"","meta":{"_acf_changed":false,"footnotes":""},"class_list":["post-519","page","type-page","status-publish","has-post-thumbnail","hentry"],"acf":[],"yoast_head":"<!-- This site is optimized with the Yoast SEO plugin v27.3 - https:\/\/yoast.com\/product\/yoast-seo-wordpress\/ -->\n<title>Kontakty - MOLPIR<\/title>\n<meta name=\"robots\" content=\"index, follow, max-snippet:-1, max-image-preview:large, max-video-preview:-1\" \/>\n<link rel=\"canonical\" href=\"https:\/\/www.molpir.com\/kontakty\/\" \/>\n<meta property=\"og:locale\" content=\"cs_CZ\" \/>\n<meta property=\"og:type\" content=\"article\" \/>\n<meta property=\"og:title\" content=\"Kontakty - MOLPIR\" \/>\n<meta property=\"og:description\" content=\"V p\u0159\u00edpad\u011b jak\u00fdchkoli dotaz\u016f n\u00e1m nev\u00e1hejte kdykoli napsat e-mail a my V\u00e1m odpov\u00edme nejpozd\u011bji n\u00e1sleduj\u00edc\u00ed pracovn\u00ed den. Pokud preferujete telefonick\u00fd kontakt, jsme V\u00e1m k dispozici ve v\u0161edn\u00ed dny b\u011bhem na\u0161\u00ed otev\u00edrac\u00ed doby, kdy n\u00e1s m\u016f\u017eete tak\u00e9 osobn\u011b nav\u0161t\u00edvit v na\u0161\u00ed prodejn\u011b.\" \/>\n<meta property=\"og:url\" content=\"https:\/\/www.molpir.com\/kontakty\/\" \/>\n<meta property=\"og:site_name\" content=\"MOLPIR\" \/>\n<meta property=\"article:modified_time\" content=\"2025-06-05T11:34:32+00:00\" \/>\n<meta property=\"og:image\" content=\"https:\/\/www.molpir.com\/wp-content\/uploads\/2025\/04\/molpir_onas__.jpg\" \/>\n\t<meta property=\"og:image:width\" content=\"2000\" \/>\n\t<meta property=\"og:image:height\" content=\"763\" \/>\n\t<meta property=\"og:image:type\" content=\"image\/jpeg\" \/>\n<meta name=\"twitter:card\" content=\"summary_large_image\" \/>\n<meta name=\"twitter:label1\" content=\"Odhadovan\u00e1 doba \u010dten\u00ed\" \/>\n\t<meta name=\"twitter:data1\" content=\"1 minuta\" \/>\n<script type=\"application\/ld+json\" class=\"yoast-schema-graph\">{\"@context\":\"https:\\\/\\\/schema.org\",\"@graph\":[{\"@type\":\"WebPage\",\"@id\":\"https:\\\/\\\/www.molpir.com\\\/kontakty\\\/\",\"url\":\"https:\\\/\\\/www.molpir.com\\\/kontakty\\\/\",\"name\":\"Kontakty - MOLPIR\",\"isPartOf\":{\"@id\":\"https:\\\/\\\/www.molpir.com\\\/#website\"},\"primaryImageOfPage\":{\"@id\":\"https:\\\/\\\/www.molpir.com\\\/kontakty\\\/#primaryimage\"},\"image\":{\"@id\":\"https:\\\/\\\/www.molpir.com\\\/kontakty\\\/#primaryimage\"},\"thumbnailUrl\":\"https:\\\/\\\/www.molpir.com\\\/wp-content\\\/uploads\\\/2025\\\/04\\\/molpir_onas__.jpg\",\"datePublished\":\"2025-04-11T11:43:55+00:00\",\"dateModified\":\"2025-06-05T11:34:32+00:00\",\"breadcrumb\":{\"@id\":\"https:\\\/\\\/www.molpir.com\\\/kontakty\\\/#breadcrumb\"},\"inLanguage\":\"cs\",\"potentialAction\":[{\"@type\":\"ReadAction\",\"target\":[\"https:\\\/\\\/www.molpir.com\\\/kontakty\\\/\"]}]},{\"@type\":\"ImageObject\",\"inLanguage\":\"cs\",\"@id\":\"https:\\\/\\\/www.molpir.com\\\/kontakty\\\/#primaryimage\",\"url\":\"https:\\\/\\\/www.molpir.com\\\/wp-content\\\/uploads\\\/2025\\\/04\\\/molpir_onas__.jpg\",\"contentUrl\":\"https:\\\/\\\/www.molpir.com\\\/wp-content\\\/uploads\\\/2025\\\/04\\\/molpir_onas__.jpg\",\"width\":2000,\"height\":763},{\"@type\":\"BreadcrumbList\",\"@id\":\"https:\\\/\\\/www.molpir.com\\\/kontakty\\\/#breadcrumb\",\"itemListElement\":[{\"@type\":\"ListItem\",\"position\":1,\"name\":\"Domovsk\u00e1 str\u00e1nka\",\"item\":\"https:\\\/\\\/www.molpir.com\\\/cs\\\/\"},{\"@type\":\"ListItem\",\"position\":2,\"name\":\"Kontakty\"}]},{\"@type\":\"WebSite\",\"@id\":\"https:\\\/\\\/www.molpir.com\\\/#website\",\"url\":\"https:\\\/\\\/www.molpir.com\\\/\",\"name\":\"MOLPIR\",\"description\":\"dotknite sa bud\u00facnosti u\u017e dnes\",\"potentialAction\":[{\"@type\":\"SearchAction\",\"target\":{\"@type\":\"EntryPoint\",\"urlTemplate\":\"https:\\\/\\\/www.molpir.com\\\/?s={search_term_string}\"},\"query-input\":{\"@type\":\"PropertyValueSpecification\",\"valueRequired\":true,\"valueName\":\"search_term_string\"}}],\"inLanguage\":\"cs\"}]}<\/script>\n<!-- \/ Yoast SEO plugin. -->","yoast_head_json":{"title":"Kontakty - MOLPIR","robots":{"index":"index","follow":"follow","max-snippet":"max-snippet:-1","max-image-preview":"max-image-preview:large","max-video-preview":"max-video-preview:-1"},"canonical":"https:\/\/www.molpir.com\/kontakty\/","og_locale":"cs_CZ","og_type":"article","og_title":"Kontakty - MOLPIR","og_description":"V p\u0159\u00edpad\u011b jak\u00fdchkoli dotaz\u016f n\u00e1m nev\u00e1hejte kdykoli napsat e-mail a my V\u00e1m odpov\u00edme nejpozd\u011bji n\u00e1sleduj\u00edc\u00ed pracovn\u00ed den. Pokud preferujete telefonick\u00fd kontakt, jsme V\u00e1m k dispozici ve v\u0161edn\u00ed dny b\u011bhem na\u0161\u00ed otev\u00edrac\u00ed doby, kdy n\u00e1s m\u016f\u017eete tak\u00e9 osobn\u011b nav\u0161t\u00edvit v na\u0161\u00ed prodejn\u011b.","og_url":"https:\/\/www.molpir.com\/kontakty\/","og_site_name":"MOLPIR","article_modified_time":"2025-06-05T11:34:32+00:00","og_image":[{"width":2000,"height":763,"url":"https:\/\/www.molpir.com\/wp-content\/uploads\/2025\/04\/molpir_onas__.jpg","type":"image\/jpeg"}],"twitter_card":"summary_large_image","twitter_misc":{"Odhadovan\u00e1 doba \u010dten\u00ed":"1 minuta"},"schema":{"@context":"https:\/\/schema.org","@graph":[{"@type":"WebPage","@id":"https:\/\/www.molpir.com\/kontakty\/","url":"https:\/\/www.molpir.com\/kontakty\/","name":"Kontakty - MOLPIR","isPartOf":{"@id":"https:\/\/www.molpir.com\/#website"},"primaryImageOfPage":{"@id":"https:\/\/www.molpir.com\/kontakty\/#primaryimage"},"image":{"@id":"https:\/\/www.molpir.com\/kontakty\/#primaryimage"},"thumbnailUrl":"https:\/\/www.molpir.com\/wp-content\/uploads\/2025\/04\/molpir_onas__.jpg","datePublished":"2025-04-11T11:43:55+00:00","dateModified":"2025-06-05T11:34:32+00:00","breadcrumb":{"@id":"https:\/\/www.molpir.com\/kontakty\/#breadcrumb"},"inLanguage":"cs","potentialAction":[{"@type":"ReadAction","target":["https:\/\/www.molpir.com\/kontakty\/"]}]},{"@type":"ImageObject","inLanguage":"cs","@id":"https:\/\/www.molpir.com\/kontakty\/#primaryimage","url":"https:\/\/www.molpir.com\/wp-content\/uploads\/2025\/04\/molpir_onas__.jpg","contentUrl":"https:\/\/www.molpir.com\/wp-content\/uploads\/2025\/04\/molpir_onas__.jpg","width":2000,"height":763},{"@type":"BreadcrumbList","@id":"https:\/\/www.molpir.com\/kontakty\/#breadcrumb","itemListElement":[{"@type":"ListItem","position":1,"name":"Domovsk\u00e1 str\u00e1nka","item":"https:\/\/www.molpir.com\/cs\/"},{"@type":"ListItem","position":2,"name":"Kontakty"}]},{"@type":"WebSite","@id":"https:\/\/www.molpir.com\/#website","url":"https:\/\/www.molpir.com\/","name":"MOLPIR","description":"dotknite sa bud\u00facnosti u\u017e dnes","potentialAction":[{"@type":"SearchAction","target":{"@type":"EntryPoint","urlTemplate":"https:\/\/www.molpir.com\/?s={search_term_string}"},"query-input":{"@type":"PropertyValueSpecification","valueRequired":true,"valueName":"search_term_string"}}],"inLanguage":"cs"}]}},"_links":{"self":[{"href":"https:\/\/www.molpir.com\/cs\/wp-json\/wp\/v2\/pages\/519","targetHints":{"allow":["GET"]}}],"collection":[{"href":"https:\/\/www.molpir.com\/cs\/wp-json\/wp\/v2\/pages"}],"about":[{"href":"https:\/\/www.molpir.com\/cs\/wp-json\/wp\/v2\/types\/page"}],"author":[{"embeddable":true,"href":"https:\/\/www.molpir.com\/cs\/wp-json\/wp\/v2\/users\/1"}],"replies":[{"embeddable":true,"href":"https:\/\/www.molpir.com\/cs\/wp-json\/wp\/v2\/comments?post=519"}],"version-history":[{"count":0,"href":"https:\/\/www.molpir.com\/cs\/wp-json\/wp\/v2\/pages\/519\/revisions"}],"wp:featuredmedia":[{"embeddable":true,"href":"https:\/\/www.molpir.com\/cs\/wp-json\/wp\/v2\/media\/362"}],"wp:attachment":[{"href":"https:\/\/www.molpir.com\/cs\/wp-json\/wp\/v2\/media?parent=519"}],"curies":[{"name":"wp","href":"https:\/\/api.w.org\/{rel}","templated":true}]}}